{"id":2169,"date":"2024-08-30T14:37:58","date_gmt":"2024-08-30T14:37:58","guid":{"rendered":"https:\/\/circbover.com\/?page_id=2169"},"modified":"2025-12-11T08:04:15","modified_gmt":"2025-12-11T08:04:15","slug":"prova-festivals-i-esdeveniments","status":"publish","type":"page","link":"https:\/\/circbover.com\/es\/prova-festivals-i-esdeveniments\/","title":{"rendered":"Festivales y eventos"},"content":{"rendered":"<div data-elementor-type=\"wp-page\" data-elementor-id=\"2169\" class=\"elementor elementor-2169\">\n\t\t\t\t\t\t<section class=\"elementor-section elementor-top-section elementor-element elementor-element-8b2b795 elementor-section-height-min-height elementor-section-boxed elementor-section-height-default elementor-section-items-middle\" data-id=\"8b2b795\" data-element_type=\"section\" data-settings=\"{&quot;background_background&quot;:&quot;classic&quot;}\">\n\t\t\t\t\t\t\t<div class=\"elementor-background-overlay\"><\/div>\n\t\t\t\t\t\t\t<div class=\"elementor-container elementor-column-gap-default\">\n\t\t\t\t\t<div class=\"elementor-column elementor-col-100 elementor-top-column elementor-element elementor-element-74c3f82\" data-id=\"74c3f82\" data-element_type=\"column\">\n\t\t\t<div class=\"elementor-widget-wrap elementor-element-populated\">\n\t\t\t\t\t\t<div class=\"elementor-element elementor-element-bb60ce8 elementor-widget elementor-widget-heading\" data-id=\"bb60ce8\" data-element_type=\"widget\" data-widget_type=\"heading.default\">\n\t\t\t\t<div class=\"elementor-widget-container\">\n\t\t\t<h2 class=\"elementor-heading-title elementor-size-default\">Festivales y Eventos<\/h2>\t\t<\/div>\n\t\t\t\t<\/div>\n\t\t\t\t\t<\/div>\n\t\t<\/div>\n\t\t\t\t\t<\/div>\n\t\t<\/section>\n\t\t\t\t<section class=\"elementor-section elementor-top-section elementor-element elementor-element-c1aa4b1 elementor-section-boxed elementor-section-height-default elementor-section-height-default\" data-id=\"c1aa4b1\" data-element_type=\"section\">\n\t\t\t\t\t\t<div class=\"elementor-container elementor-column-gap-default\">\n\t\t\t\t\t<div class=\"elementor-column elementor-col-100 elementor-top-column elementor-element elementor-element-2c85e8f\" data-id=\"2c85e8f\" data-element_type=\"column\">\n\t\t\t<div class=\"elementor-widget-wrap elementor-element-populated\">\n\t\t\t\t\t\t<div class=\"elementor-element elementor-element-be6bb56 elementor-widget elementor-widget-spacer\" data-id=\"be6bb56\" data-element_type=\"widget\" data-widget_type=\"spacer.default\">\n\t\t\t\t<div class=\"elementor-widget-container\">\n\t\t\t\t\t<div class=\"elementor-spacer\">\n\t\t\t<div class=\"elementor-spacer-inner\"><\/div>\n\t\t<\/div>\n\t\t\t\t<\/div>\n\t\t\t\t<\/div>\n\t\t\t\t\t<\/div>\n\t\t<\/div>\n\t\t\t\t\t<\/div>\n\t\t<\/section>\n\t\t\t\t<section class=\"elementor-section elementor-top-section elementor-element elementor-element-ca2cf39 elementor-section-boxed elementor-section-height-default elementor-section-height-default\" data-id=\"ca2cf39\" data-element_type=\"section\">\n\t\t\t\t\t\t<div class=\"elementor-container elementor-column-gap-wide\">\n\t\t\t\t\t<div class=\"elementor-column elementor-col-50 elementor-top-column elementor-element elementor-element-8db883f\" data-id=\"8db883f\" data-element_type=\"column\">\n\t\t\t<div class=\"elementor-widget-wrap elementor-element-populated\">\n\t\t\t\t\t\t<div class=\"elementor-element elementor-element-3a750b0 elementor-widget elementor-widget-heading\" data-id=\"3a750b0\" data-element_type=\"widget\" data-widget_type=\"heading.default\">\n\t\t\t\t<div class=\"elementor-widget-container\">\n\t\t\t<h2 class=\"elementor-heading-title elementor-size-default\">Circaire - Festival de Circo de Alcudia<\/h2>\t\t<\/div>\n\t\t\t\t<\/div>\n\t\t\t\t<div class=\"elementor-element elementor-element-e0f88bb elementor-widget elementor-widget-text-editor\" data-id=\"e0f88bb\" data-element_type=\"widget\" data-widget_type=\"text-editor.default\">\n\t\t\t\t<div class=\"elementor-widget-container\">\n\t\t\t\t\t\t\t<p>Circaire es el primer y \u00fanico festival de Circo profesional de las Islas Baleares. Nace en 2010 con el objetivo de promover y ofrecer espacios de representaci\u00f3n, encuentro, reflexi\u00f3n y formaci\u00f3n en torno al mundo del circo. El festival se realiza el primer fin de semana de mayo y consiste en tres d\u00edas consecutivos de programaciones de sala y calle donde se programan compa\u00f1\u00edas y artistas de reconocimiento nacional e internacional.<\/p>\t\t\t\t\t\t<\/div>\n\t\t\t\t<\/div>\n\t\t\t\t<div class=\"elementor-element elementor-element-1745db7 elementor-widget elementor-widget-button\" data-id=\"1745db7\" data-element_type=\"widget\" data-widget_type=\"button.default\">\n\t\t\t\t<div class=\"elementor-widget-container\">\n\t\t\t\t\t<div class=\"elementor-button-wrapper\">\n\t\t\t<a class=\"elementor-button elementor-button-link elementor-size-sm\" href=\"https:\/\/circaire.com\" target=\"_blank\" rel=\"noopener\">\n\t\t\t\t\t\t<span class=\"elementor-button-content-wrapper\">\n\t\t\t\t\t\t\t\t\t<span class=\"elementor-button-text\">Web Circaire<\/span>\n\t\t\t\t\t<\/span>\n\t\t\t\t\t<\/a>\n\t\t<\/div>\n\t\t\t\t<\/div>\n\t\t\t\t<\/div>\n\t\t\t\t\t<\/div>\n\t\t<\/div>\n\t\t\t\t<div class=\"elementor-column elementor-col-50 elementor-top-column elementor-element elementor-element-40f0c74\" data-id=\"40f0c74\" data-element_type=\"column\">\n\t\t\t<div class=\"elementor-widget-wrap elementor-element-populated\">\n\t\t\t\t\t\t<div class=\"elementor-element elementor-element-9eb830c elementor-widget elementor-widget-heading\" data-id=\"9eb830c\" data-element_type=\"widget\" data-widget_type=\"heading.default\">\n\t\t\t\t<div class=\"elementor-widget-container\">\n\t\t\t<h2 class=\"elementor-heading-title elementor-size-default\">CircArt - Programaci\u00f3n en Pollen\u00e7a<\/h2>\t\t<\/div>\n\t\t\t\t<\/div>\n\t\t\t\t<div class=\"elementor-element elementor-element-f744964 elementor-widget elementor-widget-text-editor\" data-id=\"f744964\" data-element_type=\"widget\" data-widget_type=\"text-editor.default\">\n\t\t\t\t<div class=\"elementor-widget-container\">\n\t\t\t\t\t\t\t<p>CircArt es la programaci\u00f3n anual de circo en Pollen\u00e7a, donde cada vez m\u00e1s el p\u00fablico puede disfrutar de un espect\u00e1culo de circo. Los artistas y compa\u00f1\u00edas invitados proceden del territorio nacional y europeo. Un abanico cultural muy amplio que permite mostrar distintos estilos y lenguajes. <strong>Todas las propuestas son gratuitas y se llevan a cabo en la calle<\/strong>, las ubicaciones var\u00edan y se dividen en diferentes espacios del municipio pollenc\u00ed.<\/p>\t\t\t\t\t\t<\/div>\n\t\t\t\t<\/div>\n\t\t\t\t<div class=\"elementor-element elementor-element-c9a4ccc elementor-widget elementor-widget-button\" data-id=\"c9a4ccc\" data-element_type=\"widget\" data-widget_type=\"button.default\">\n\t\t\t\t<div class=\"elementor-widget-container\">\n\t\t\t\t\t<div class=\"elementor-button-wrapper\">\n\t\t\t<a class=\"elementor-button elementor-button-link elementor-size-sm\" href=\"https:\/\/circbover.sharepoint.com\/:b:\/g\/EZzofwyATDFMjAoI6jiSwMkBTqVsqUxR3YsbPQTdAZ7w-w?e=oUJ5ga\" target=\"_blank\" rel=\"noopener\">\n\t\t\t\t\t\t<span class=\"elementor-button-content-wrapper\">\n\t\t\t\t\t\t\t\t\t<span class=\"elementor-button-text\">Consulta aqu\u00ed la Programaci\u00f3n CircArt 2024<\/span>\n\t\t\t\t\t<\/span>\n\t\t\t\t\t<\/a>\n\t\t<\/div>\n\t\t\t\t<\/div>\n\t\t\t\t<\/div>\n\t\t\t\t\t<\/div>\n\t\t<\/div>\n\t\t\t\t\t<\/div>\n\t\t<\/section>\n\t\t\t\t<section class=\"elementor-section elementor-top-section elementor-element elementor-element-35c0473 elementor-section-boxed elementor-section-height-default elementor-section-height-default\" data-id=\"35c0473\" data-element_type=\"section\">\n\t\t\t\t\t\t<div class=\"elementor-container elementor-column-gap-default\">\n\t\t\t\t\t<div class=\"elementor-column elementor-col-50 elementor-top-column elementor-element elementor-element-1424c72\" data-id=\"1424c72\" data-element_type=\"column\">\n\t\t\t<div class=\"elementor-widget-wrap elementor-element-populated\">\n\t\t\t\t\t\t<div class=\"elementor-element elementor-element-c90d8f2 elementor-widget elementor-widget-heading\" data-id=\"c90d8f2\" data-element_type=\"widget\" data-widget_type=\"heading.default\">\n\t\t\t\t<div class=\"elementor-widget-container\">\n\t\t\t<h2 class=\"elementor-heading-title elementor-size-default\">Circo Bover en Manacor<\/h2>\t\t<\/div>\n\t\t\t\t<\/div>\n\t\t\t\t<div class=\"elementor-element elementor-element-a6befb9 elementor-widget elementor-widget-text-editor\" data-id=\"a6befb9\" data-element_type=\"widget\" data-widget_type=\"text-editor.default\">\n\t\t\t\t<div class=\"elementor-widget-container\">\n\t\t\t\t\t\t\t<p style=\"text-align: left;\">Desde 2024 el Circ Bover se instala una temporada de dos meses en Manacor para desarrollar, aparte del proyecto educativo, una programaci\u00f3n varios fines de semana que sea apta para todos los p\u00fablicos: Cabarets, talleres de circo en familia, conciertos y espect\u00e1culos. Adem\u00e1s de una jornada colectiva organizada conjuntamente con las asociaciones Neura y Caterva.&nbsp;<\/p>\t\t\t\t\t\t<\/div>\n\t\t\t\t<\/div>\n\t\t\t\t\t<\/div>\n\t\t<\/div>\n\t\t\t\t<div class=\"elementor-column elementor-col-50 elementor-top-column elementor-element elementor-element-b3bd689\" data-id=\"b3bd689\" data-element_type=\"column\">\n\t\t\t<div class=\"elementor-widget-wrap elementor-element-populated\">\n\t\t\t\t\t\t<div class=\"elementor-element elementor-element-f2c69be elementor-widget elementor-widget-heading\" data-id=\"f2c69be\" data-element_type=\"widget\" data-widget_type=\"heading.default\">\n\t\t\t\t<div class=\"elementor-widget-container\">\n\t\t\t<h2 class=\"elementor-heading-title elementor-size-default\">Festival el Ambulante<\/h2>\t\t<\/div>\n\t\t\t\t<\/div>\n\t\t\t\t<div class=\"elementor-element elementor-element-6542b65 elementor-widget elementor-widget-text-editor\" data-id=\"6542b65\" data-element_type=\"widget\" data-widget_type=\"text-editor.default\">\n\t\t\t\t<div class=\"elementor-widget-container\">\n\t\t\t\t\t\t\t<p>Una propuesta que rinde homenaje&nbsp;<span style=\"color: #000000; font-size: 1rem;\">en la vida n\u00f3mada del artista y en los inicios del circo. El Ambulat es un festival que se llevar\u00e1 a cabo en los pueblos de Mallorca, su 1\u00aa edici\u00f3n ser\u00e1 del 20 de diciembre de 2024 al 4 de enero de 2025 en Sant Lloren\u00e7, Calvi\u00e0, Andratx y Alar\u00f3.<\/span><\/p>\n<p><span style=\"color: #000000;\"><span style=\"caret-color: #000000;\">Las entradas ya est\u00e1n disponibles en: <span style=\"text-decoration: underline; color: #ff00ff;\"><a style=\"color: #ff00ff; text-decoration: underline;\" href=\"https:\/\/circbover.com\/es\/agenda\/\">Agenda Circ Bover<\/a><\/span><\/span><\/span><\/p>\n<p><\/p>\t\t\t\t\t\t<\/div>\n\t\t\t\t<\/div>\n\t\t\t\t\t<\/div>\n\t\t<\/div>\n\t\t\t\t\t<\/div>\n\t\t<\/section>\n\t\t\t\t<section class=\"elementor-section elementor-top-section elementor-element elementor-element-26ed753 elementor-section-boxed elementor-section-height-default elementor-section-height-default\" data-id=\"26ed753\" data-element_type=\"section\">\n\t\t\t\t\t\t<div class=\"elementor-container elementor-column-gap-default\">\n\t\t\t\t\t<div class=\"elementor-column elementor-col-50 elementor-top-column elementor-element elementor-element-23302d6\" data-id=\"23302d6\" data-element_type=\"column\">\n\t\t\t<div class=\"elementor-widget-wrap elementor-element-populated\">\n\t\t\t\t\t\t<div class=\"elementor-element elementor-element-75a5b02 elementor-widget elementor-widget-button\" data-id=\"75a5b02\" data-element_type=\"widget\" data-widget_type=\"button.default\">\n\t\t\t\t<div class=\"elementor-widget-container\">\n\t\t\t\t\t<div class=\"elementor-button-wrapper\">\n\t\t\t<a class=\"elementor-button elementor-button-link elementor-size-sm\" href=\"#\">\n\t\t\t\t\t\t<span class=\"elementor-button-content-wrapper\">\n\t\t\t\t\t\t\t\t\t<span class=\"elementor-button-text\">Pr\u00f3ximamente la programaci\u00f3n Manacor 2025<\/span>\n\t\t\t\t\t<\/span>\n\t\t\t\t\t<\/a>\n\t\t<\/div>\n\t\t\t\t<\/div>\n\t\t\t\t<\/div>\n\t\t\t\t\t<\/div>\n\t\t<\/div>\n\t\t\t\t<div class=\"elementor-column elementor-col-50 elementor-top-column elementor-element elementor-element-bf33314\" data-id=\"bf33314\" data-element_type=\"column\">\n\t\t\t<div class=\"elementor-widget-wrap elementor-element-populated\">\n\t\t\t\t\t\t<div class=\"elementor-element elementor-element-96f7b16 elementor-widget elementor-widget-button\" data-id=\"96f7b16\" data-element_type=\"widget\" data-widget_type=\"button.default\">\n\t\t\t\t<div class=\"elementor-widget-container\">\n\t\t\t\t\t<div class=\"elementor-button-wrapper\">\n\t\t\t<a class=\"elementor-button elementor-button-link elementor-size-sm\" href=\"https:\/\/circbover.sharepoint.com\/:b:\/g\/EaWq0nOpC0tImmCkjeBiBbkBOUoKuObDyBW2ayMJTzy-Jw?e=UaTCN1\" target=\"_blank\" rel=\"noopener\">\n\t\t\t\t\t\t<span class=\"elementor-button-content-wrapper\">\n\t\t\t\t\t\t\t\t\t<span class=\"elementor-button-text\">Consulta aqu\u00ed la Programaci\u00f3n del Ambulart<\/span>\n\t\t\t\t\t<\/span>\n\t\t\t\t\t<\/a>\n\t\t<\/div>\n\t\t\t\t<\/div>\n\t\t\t\t<\/div>\n\t\t\t\t\t<\/div>\n\t\t<\/div>\n\t\t\t\t\t<\/div>\n\t\t<\/section>\n\t\t\t\t<\/div>","protected":false},"excerpt":{"rendered":"<p>Festivales y Eventos Circaire \u2013 Festival de Circo de Alc\u00fadia Circaire es el primer y \u00fanico festival de Circo profesional de las Islas Baleares. Nace en 2010 con el objetivo de promover [\u2026]<\/p>","protected":false},"author":1,"featured_media":0,"parent":0,"menu_order":0,"comment_status":"closed","ping_status":"closed","template":"elementor_header_footer","meta":{"footnotes":""},"class_list":["post-2169","page","type-page","status-publish","hentry"],"_links":{"self":[{"href":"https:\/\/circbover.com\/es\/wp-json\/wp\/v2\/pages\/2169"}],"collection":[{"href":"https:\/\/circbover.com\/es\/wp-json\/wp\/v2\/pages"}],"about":[{"href":"https:\/\/circbover.com\/es\/wp-json\/wp\/v2\/types\/page"}],"author":[{"embeddable":true,"href":"https:\/\/circbover.com\/es\/wp-json\/wp\/v2\/users\/1"}],"replies":[{"embeddable":true,"href":"https:\/\/circbover.com\/es\/wp-json\/wp\/v2\/comments?post=2169"}],"version-history":[{"count":37,"href":"https:\/\/circbover.com\/es\/wp-json\/wp\/v2\/pages\/2169\/revisions"}],"predecessor-version":[{"id":2784,"href":"https:\/\/circbover.com\/es\/wp-json\/wp\/v2\/pages\/2169\/revisions\/2784"}],"wp:attachment":[{"href":"https:\/\/circbover.com\/es\/wp-json\/wp\/v2\/media?parent=2169"}],"curies":[{"name":"wp","href":"https:\/\/api.w.org\/{rel}","templated":true}]}}